{"id":401,"date":"2019-10-08T08:28:10","date_gmt":"2019-10-08T08:28:10","guid":{"rendered":"https:\/\/www.nexionelectronics.com\/empresa\/"},"modified":"2019-10-14T08:15:39","modified_gmt":"2019-10-14T08:15:39","slug":"empresa-en","status":"publish","type":"page","link":"https:\/\/www.nexionelectronics.com\/en\/empresa-en\/","title":{"rendered":"EMPRESA EN"},"content":{"rendered":"<div id=\"pl-401\"  class=\"panel-layout\" ><div id=\"pg-401-0\"  class=\"panel-grid panel-has-style\" ><div class=\"empresa so-parallax panel-row-style panel-row-style-for-401-0\" ><img fetchpriority=\"high\" decoding=\"async\" width=\"3500\" height=\"3208\" src=\"https:\/\/www.nexionelectronics.com\/wp-content\/uploads\/2019\/10\/Green_Smart1501_3500x3208_300dpi.jpg\" class=\"attachment-full size-full\" alt=\"\" data-siteorigin-parallax=\"true\" loading=\"eager\" srcset=\"https:\/\/www.nexionelectronics.com\/wp-content\/uploads\/2019\/10\/Green_Smart1501_3500x3208_300dpi.jpg 3500w, https:\/\/www.nexionelectronics.com\/wp-content\/uploads\/2019\/10\/Green_Smart1501_3500x3208_300dpi-300x275.jpg 300w, https:\/\/www.nexionelectronics.com\/wp-content\/uploads\/2019\/10\/Green_Smart1501_3500x3208_300dpi-768x704.jpg 768w, https:\/\/www.nexionelectronics.com\/wp-content\/uploads\/2019\/10\/Green_Smart1501_3500x3208_300dpi-1024x939.jpg 1024w, https:\/\/www.nexionelectronics.com\/wp-content\/uploads\/2019\/10\/Green_Smart1501_3500x3208_300dpi-655x600.jpg 655w\" sizes=\"(max-width: 3500px) 100vw, 3500px\" \/><div id=\"pgc-401-0-0\"  class=\"panel-grid-cell\" ><div id=\"panel-401-0-0-0\" class=\"so-panel widget widget_sow-editor panel-first-child panel-last-child\" data-index=\"0\" ><div class=\"titol-empresa panel-widget-style panel-widget-style-for-401-0-0-0\" ><div\n\t\t\t\n\t\t\tclass=\"so-widget-sow-editor so-widget-sow-editor-base\"\n\t\t\t\n\t\t>\n<div class=\"siteorigin-widget-tinymce textwidget\">\n\t<h1 style=\"text-align: center;\">MISI\u00d3N, VISI\u00d3N Y VALORES-EN<\/h1>\n<\/div>\n<\/div><\/div><\/div><\/div><\/div><\/div><div id=\"pg-401-1\"  class=\"panel-grid panel-has-style\" ><div class=\"empresa panel-row-style panel-row-style-for-401-1\" ><div id=\"pgc-401-1-0\"  class=\"panel-grid-cell\" ><div id=\"panel-401-1-0-0\" class=\"so-panel widget widget_sow-editor panel-first-child\" data-index=\"1\" ><div class=\"panel-widget-style panel-widget-style-for-401-1-0-0\" ><div\n\t\t\t\n\t\t\tclass=\"so-widget-sow-editor so-widget-sow-editor-base\"\n\t\t\t\n\t\t><h3 class=\"widget-title\">Nuestra misi\u00f3n<\/h3>\n<div class=\"siteorigin-widget-tinymce textwidget\">\n\t<p>Entender perfectamente las necesidades de la industria para sugerir tecnolog\u00eda y componentes capaces de optimizar los procesos productivos. Esta es, nuestra manera de contribuir al desarrollo industrial sostenible.<\/p>\n<\/div>\n<\/div><\/div><\/div><div id=\"panel-401-1-0-1\" class=\"so-panel widget widget_sow-editor\" data-index=\"2\" ><div class=\"panel-widget-style panel-widget-style-for-401-1-0-1\" ><div\n\t\t\t\n\t\t\tclass=\"so-widget-sow-editor so-widget-sow-editor-base\"\n\t\t\t\n\t\t><h3 class=\"widget-title\">Nuestros valores<\/h3>\n<div class=\"siteorigin-widget-tinymce textwidget\">\n\t<p>La impecabilidad, la satisfacci\u00f3n y realizaci\u00f3n, la conexi\u00f3n con el cliente.<\/p>\n<\/div>\n<\/div><\/div><\/div><div id=\"panel-401-1-0-2\" class=\"so-panel widget widget_sow-editor panel-last-child\" data-index=\"3\" ><div class=\"panel-widget-style panel-widget-style-for-401-1-0-2\" ><div\n\t\t\t\n\t\t\tclass=\"so-widget-sow-editor so-widget-sow-editor-base\"\n\t\t\t\n\t\t><h3 class=\"widget-title\">Satisfacci\u00f3n y realizaci\u00f3n<\/h3>\n<div class=\"siteorigin-widget-tinymce textwidget\">\n\t<p>De nuestros clientes con nuestros productos y servicios, y de nuestros empleados con las labores que desempe\u00f1an.<\/p>\n<\/div>\n<\/div><\/div><\/div><\/div><div id=\"pgc-401-1-1\"  class=\"panel-grid-cell\" ><div id=\"panel-401-1-1-0\" class=\"so-panel widget widget_sow-editor panel-first-child\" data-index=\"4\" ><div class=\"panel-widget-style panel-widget-style-for-401-1-1-0\" ><div\n\t\t\t\n\t\t\tclass=\"so-widget-sow-editor so-widget-sow-editor-base\"\n\t\t\t\n\t\t><h3 class=\"widget-title\">Nuestra visi\u00f3n<\/h3>\n<div class=\"siteorigin-widget-tinymce textwidget\">\n\t<p>Mantener y consolidar nuestra posici\u00f3n ventajosa en los mercados de tecnolog\u00eda industrial en que operamos, de forma s\u00f3lida y respetuosa. Diferenciarnos, no s\u00f3lo por la calidad de nuestros productos, tambi\u00e9n por el buen servicio.<\/p>\n<\/div>\n<\/div><\/div><\/div><div id=\"panel-401-1-1-1\" class=\"so-panel widget widget_sow-editor\" data-index=\"5\" ><div class=\"panel-widget-style panel-widget-style-for-401-1-1-1\" ><div\n\t\t\t\n\t\t\tclass=\"so-widget-sow-editor so-widget-sow-editor-base\"\n\t\t\t\n\t\t><h3 class=\"widget-title\">Impecabilidad<\/h3>\n<div class=\"siteorigin-widget-tinymce textwidget\">\n\t<p>En todos nuestros productos y servicios: calidad, rigor y talento son los atributos de la marca NEXION. Aquello que hacemos, lo hacemos bien.<\/p>\n<\/div>\n<\/div><\/div><\/div><div id=\"panel-401-1-1-2\" class=\"so-panel widget widget_sow-editor panel-last-child\" data-index=\"6\" ><div class=\"panel-widget-style panel-widget-style-for-401-1-1-2\" ><div\n\t\t\t\n\t\t\tclass=\"so-widget-sow-editor so-widget-sow-editor-base\"\n\t\t\t\n\t\t><h3 class=\"widget-title\">Conexi\u00f3n con el cliente<\/h3>\n<div class=\"siteorigin-widget-tinymce textwidget\">\n\t<p>Nos permite identificar los requisitos de cada aplicaci\u00f3n planteada por el cliente, crear e implementar soluciones que le aporten eficiencia, y darle soporte durante toda la vida \u00fatil de nuestros productos. Con ello crecemos y mejoramos diariamente.<\/p>\n<\/div>\n<\/div><\/div><\/div><\/div><\/div><\/div><\/div>","protected":false},"excerpt":{"rendered":"<p>MISI\u00d3N, VISI\u00d3N Y VALORES-EN Entender perfectamente las necesidades de la industria para sugerir tecnolog\u00eda y componentes capaces de optimizar los procesos productivos. Esta es, nuestra manera de contribuir al desarrollo industrial sostenible. La impecabilidad, la satisfacci\u00f3n y realizaci\u00f3n, la conexi\u00f3n con el cliente. De nuestros clientes con nuestros productos y servicios, y de nuestros empleados [&hellip;]<\/p>\n","protected":false},"author":1,"featured_media":0,"parent":0,"menu_order":0,"comment_status":"closed","ping_status":"closed","template":"","meta":{"_genesis_hide_title":false,"_genesis_hide_breadcrumbs":false,"_genesis_hide_singular_image":false,"_genesis_hide_footer_widgets":false,"_genesis_custom_body_class":"sensetitol contacta","_genesis_custom_post_class":"","_genesis_layout":"","footnotes":""},"class_list":{"0":"post-401","1":"page","2":"type-page","3":"status-publish","5":"entry"},"_links":{"self":[{"href":"https:\/\/www.nexionelectronics.com\/en\/wp-json\/wp\/v2\/pages\/401","targetHints":{"allow":["GET"]}}],"collection":[{"href":"https:\/\/www.nexionelectronics.com\/en\/wp-json\/wp\/v2\/pages"}],"about":[{"href":"https:\/\/www.nexionelectronics.com\/en\/wp-json\/wp\/v2\/types\/page"}],"author":[{"embeddable":true,"href":"https:\/\/www.nexionelectronics.com\/en\/wp-json\/wp\/v2\/users\/1"}],"replies":[{"embeddable":true,"href":"https:\/\/www.nexionelectronics.com\/en\/wp-json\/wp\/v2\/comments?post=401"}],"version-history":[{"count":2,"href":"https:\/\/www.nexionelectronics.com\/en\/wp-json\/wp\/v2\/pages\/401\/revisions"}],"predecessor-version":[{"id":403,"href":"https:\/\/www.nexionelectronics.com\/en\/wp-json\/wp\/v2\/pages\/401\/revisions\/403"}],"wp:attachment":[{"href":"https:\/\/www.nexionelectronics.com\/en\/wp-json\/wp\/v2\/media?parent=401"}],"curies":[{"name":"wp","href":"https:\/\/api.w.org\/{rel}","templated":true}]}}